{"id":161,"date":"2024-09-27T23:51:25","date_gmt":"2024-09-27T21:51:25","guid":{"rendered":"https:\/\/mathis-saunier.fr\/?page_id=161"},"modified":"2024-10-09T16:00:42","modified_gmt":"2024-10-09T14:00:42","slug":"a-propos-de-moi","status":"publish","type":"page","link":"https:\/\/mathis-saunier.fr\/index.php\/a-propos-de-moi\/","title":{"rendered":"A propos"},"content":{"rendered":"\n<div class=\"wp-block-group alignfull has-base-2-background-color has-background has-global-padding is-layout-constrained wp-container-core-group-is-layout-d89aad35 wp-block-group-is-layout-constrained\" style=\"margin-top:0;margin-bottom:0;padding-top:var(--wp--preset--spacing--50);padding-right:var(--wp--preset--spacing--50);padding-bottom:var(--wp--preset--spacing--50);padding-left:var(--wp--preset--spacing--50)\">\n<div class=\"wp-block-columns is-layout-flex wp-container-core-columns-is-layout-28f84493 wp-block-columns-is-layout-flex\">\n<div class=\"wp-block-column is-layout-flow wp-block-column-is-layout-flow\">\n<div class=\"wp-block-buttons is-content-justification-center is-layout-flex wp-container-core-buttons-is-layout-a89b3969 wp-block-buttons-is-layout-flex\">\n<div class=\"wp-block-button has-custom-font-size is-style-fill has-medium-font-size\"><a class=\"wp-block-button__link wp-element-button\" href=\"#ancre_rubiks\" style=\"padding-top:var(--wp--preset--spacing--10);padding-right:var(--wp--preset--spacing--10);padding-bottom:var(--wp--preset--spacing--10);padding-left:var(--wp--preset--spacing--10)\">Rubik&rsquo;s Cube<\/a><\/div>\n<\/div>\n<\/div>\n\n\n\n<div class=\"wp-block-column is-layout-flow wp-block-column-is-layout-flow\">\n<div class=\"wp-block-buttons is-content-justification-center is-layout-flex wp-container-core-buttons-is-layout-a89b3969 wp-block-buttons-is-layout-flex\">\n<div class=\"wp-block-button is-style-fill\"><a class=\"wp-block-button__link wp-element-button\" href=\"#ancre_escalade\" style=\"padding-top:var(--wp--preset--spacing--10);padding-right:var(--wp--preset--spacing--10);padding-bottom:var(--wp--preset--spacing--10);padding-left:var(--wp--preset--spacing--10)\">Escalade<\/a><\/div>\n<\/div>\n<\/div>\n<\/div>\n\n\n\n<div style=\"height:5px\" aria-hidden=\"true\" class=\"wp-block-spacer\"><\/div>\n\n\n\n<hr class=\"wp-block-separator has-alpha-channel-opacity custom-separator is-style-wide\"\/>\n\n\n\n<div style=\"height:30px\" aria-hidden=\"true\" class=\"wp-block-spacer\"><\/div>\n\n\n\n<div class=\"wp-block-group alignwide has-global-padding is-layout-constrained wp-container-core-group-is-layout-19e250f3 wp-block-group-is-layout-constrained\">\n<div class=\"wp-block-columns alignwide is-layout-flex wp-container-core-columns-is-layout-d1c656ed wp-block-columns-is-layout-flex\">\n<div class=\"wp-block-column is-vertically-aligned-center is-layout-flow wp-block-column-is-layout-flow\" style=\"flex-basis:50%\">\n<figure class=\"wp-block-image aligncenter size-large is-style-rounded is-style-rounded--1\"><img decoding=\"async\" src=\"https:\/\/images.pexels.com\/photos\/270756\/pexels-photo-270756.jpeg?auto=compress&amp;cs=tinysrgb&amp;w=1260&amp;h=750&amp;dpr=1\" alt=\"Paysage montagneux sous un beau temps\"\/><\/figure>\n<\/div>\n\n\n\n<div class=\"wp-block-column is-vertically-aligned-center is-layout-flow wp-block-column-is-layout-flow\" style=\"flex-basis:40%\">\n<h3 class=\"wp-block-heading is-style-asterisk\" id=\"ancre_escalade\">Escalade<\/h3>\n\n\n\n<p>J&rsquo;ai toujours \u00e9t\u00e9 f\u00e9ru de sports et j&rsquo;en ai pratiqu\u00e9 une multitude (boxe, golf, judo, natation).<br><br>Cependant, depuis les deux derni\u00e8res ann\u00e9es, je me d\u00e9die enti\u00e8rement \u00e0 l&rsquo;escalade qui m&rsquo;a permis de re-d\u00e9couvrir la beaut\u00e9 de la montagne et le plaisir du d\u00e9passement de soi.<\/p>\n<\/div>\n<\/div>\n\n\n\n<div style=\"height:var(--wp--preset--spacing--40)\" aria-hidden=\"true\" class=\"wp-block-spacer\"><\/div>\n\n\n\n<div class=\"wp-block-columns alignwide is-layout-flex wp-container-core-columns-is-layout-d1c656ed wp-block-columns-is-layout-flex\">\n<div class=\"wp-block-column is-vertically-aligned-center is-layout-flow wp-block-column-is-layout-flow\" style=\"flex-basis:40%\">\n<h3 class=\"wp-block-heading is-style-asterisk\" id=\"ancre_rubiks\">Rubik&rsquo;s Cube<\/h3>\n\n\n\n<p>Les casse-t\u00eates sont un autre de mes hobby et j&rsquo;aimerais inciter les personnes curieuses \u00e0 d\u00e9couvrir les Rubik&rsquo;s Cube derri\u00e8re lesquels se cachent des algorithmes qui marchent \u00e0 chaque coup.<\/p>\n\n\n\n<p>Vous avez peur de vous ennuyer ? Pas de probl\u00e8me !<br>Essayer d&rsquo;ouvrir votre esprit aux dizaines de cubes existants qui utilisent pour la plupart les bases de ce que vous savez d\u00e9j\u00e0 faire, mais avec une approche particuli\u00e8re.<\/p>\n<\/div>\n\n\n\n<div class=\"wp-block-column is-vertically-aligned-center is-layout-flow wp-block-column-is-layout-flow\" style=\"flex-basis:50%\">\n<figure class=\"wp-block-image aligncenter size-large is-style-rounded is-style-rounded--2\"><img loading=\"lazy\" decoding=\"async\" width=\"1024\" height=\"683\" src=\"https:\/\/mathis-saunier.fr\/wp-content\/uploads\/2024\/09\/cube-1024x683.png\" alt=\"\" class=\"wp-image-159\" srcset=\"https:\/\/mathis-saunier.fr\/wp-content\/uploads\/2024\/09\/cube-1024x683.png 1024w, https:\/\/mathis-saunier.fr\/wp-content\/uploads\/2024\/09\/cube-300x200.png 300w, https:\/\/mathis-saunier.fr\/wp-content\/uploads\/2024\/09\/cube-768x512.png 768w, https:\/\/mathis-saunier.fr\/wp-content\/uploads\/2024\/09\/cube-1536x1024.png 1536w, https:\/\/mathis-saunier.fr\/wp-content\/uploads\/2024\/09\/cube.png 1620w\" sizes=\"auto, (max-width: 1024px) 100vw, 1024px\" \/><\/figure>\n<\/div>\n<\/div>\n<\/div>\n<\/div>\n","protected":false},"excerpt":{"rendered":"<p>Escalade J&rsquo;ai toujours \u00e9t\u00e9 f\u00e9ru de sports et j&rsquo;en ai pratiqu\u00e9 une multitude (boxe, golf, judo, natation). Cependant, depuis les deux derni\u00e8res ann\u00e9es, je me d\u00e9die enti\u00e8rement \u00e0 l&rsquo;escalade qui m&rsquo;a permis de re-d\u00e9couvrir la beaut\u00e9 de la montagne et le plaisir du d\u00e9passement de soi. Rubik&rsquo;s Cube Les casse-t\u00eates sont un autre de mes [&hellip;]<\/p>\n","protected":false},"author":1,"featured_media":0,"parent":0,"menu_order":0,"comment_status":"closed","ping_status":"closed","template":"","meta":{"footnotes":""},"class_list":["post-161","page","type-page","status-publish","hentry"],"_links":{"self":[{"href":"https:\/\/mathis-saunier.fr\/index.php\/wp-json\/wp\/v2\/pages\/161","targetHints":{"allow":["GET"]}}],"collection":[{"href":"https:\/\/mathis-saunier.fr\/index.php\/wp-json\/wp\/v2\/pages"}],"about":[{"href":"https:\/\/mathis-saunier.fr\/index.php\/wp-json\/wp\/v2\/types\/page"}],"author":[{"embeddable":true,"href":"https:\/\/mathis-saunier.fr\/index.php\/wp-json\/wp\/v2\/users\/1"}],"replies":[{"embeddable":true,"href":"https:\/\/mathis-saunier.fr\/index.php\/wp-json\/wp\/v2\/comments?post=161"}],"version-history":[{"count":11,"href":"https:\/\/mathis-saunier.fr\/index.php\/wp-json\/wp\/v2\/pages\/161\/revisions"}],"predecessor-version":[{"id":223,"href":"https:\/\/mathis-saunier.fr\/index.php\/wp-json\/wp\/v2\/pages\/161\/revisions\/223"}],"wp:attachment":[{"href":"https:\/\/mathis-saunier.fr\/index.php\/wp-json\/wp\/v2\/media?parent=161"}],"curies":[{"name":"wp","href":"https:\/\/api.w.org\/{rel}","templated":true}]}}