{"id":17,"date":"2024-08-18T19:08:32","date_gmt":"2024-08-18T17:08:32","guid":{"rendered":"http:\/\/217.160.138.191\/?page_id=17"},"modified":"2024-10-09T16:01:55","modified_gmt":"2024-10-09T14:01:55","slug":"experiences","status":"publish","type":"page","link":"https:\/\/mathis-saunier.fr\/index.php\/experiences\/","title":{"rendered":"Exp\u00e9riences"},"content":{"rendered":"\n<div class=\"wp-block-group alignfull has-base-2-background-color has-background has-global-padding is-layout-constrained wp-container-core-group-is-layout-d89aad35 wp-block-group-is-layout-constrained\" style=\"margin-top:0;margin-bottom:0;padding-top:var(--wp--preset--spacing--50);padding-right:var(--wp--preset--spacing--50);padding-bottom:var(--wp--preset--spacing--50);padding-left:var(--wp--preset--spacing--50)\">\n<div class=\"wp-block-columns is-layout-flex wp-container-core-columns-is-layout-28f84493 wp-block-columns-is-layout-flex\">\n<div class=\"wp-block-column is-layout-flow wp-block-column-is-layout-flow\">\n<div class=\"wp-block-buttons is-content-justification-center is-layout-flex wp-container-core-buttons-is-layout-a89b3969 wp-block-buttons-is-layout-flex\">\n<div class=\"wp-block-button has-custom-font-size has-medium-font-size\"><a class=\"wp-block-button__link wp-element-button\" href=\"#ancre_stage\" style=\"padding-top:var(--wp--preset--spacing--10);padding-right:var(--wp--preset--spacing--10);padding-bottom:var(--wp--preset--spacing--10);padding-left:var(--wp--preset--spacing--10)\">Stages<\/a><\/div>\n<\/div>\n<\/div>\n\n\n\n<div class=\"wp-block-column is-layout-flow wp-block-column-is-layout-flow\">\n<div class=\"wp-block-buttons is-content-justification-center is-layout-flex wp-container-core-buttons-is-layout-a89b3969 wp-block-buttons-is-layout-flex\">\n<div class=\"wp-block-button has-custom-font-size has-medium-font-size\"><a class=\"wp-block-button__link wp-element-button\" href=\"#ancre_formation\" style=\"padding-top:var(--wp--preset--spacing--10);padding-right:var(--wp--preset--spacing--10);padding-bottom:var(--wp--preset--spacing--10);padding-left:var(--wp--preset--spacing--10)\">Formation<\/a><\/div>\n<\/div>\n<\/div>\n\n\n\n<div class=\"wp-block-column is-layout-flow wp-block-column-is-layout-flow\">\n<div class=\"wp-block-buttons is-content-justification-center is-layout-flex wp-container-core-buttons-is-layout-a89b3969 wp-block-buttons-is-layout-flex\">\n<div class=\"wp-block-button has-custom-font-size has-medium-font-size\"><a class=\"wp-block-button__link wp-element-button\" href=\"#ancre_ajir\" style=\"padding-top:var(--wp--preset--spacing--10);padding-right:var(--wp--preset--spacing--10);padding-bottom:var(--wp--preset--spacing--10);padding-left:var(--wp--preset--spacing--10)\">Associatif<\/a><\/div>\n<\/div>\n<\/div>\n<\/div>\n\n\n\n<div style=\"height:5px\" aria-hidden=\"true\" class=\"wp-block-spacer\"><\/div>\n\n\n\n<hr class=\"wp-block-separator has-alpha-channel-opacity custom-separator is-style-wide\"\/>\n\n\n\n<div class=\"wp-block-group alignwide has-global-padding is-layout-constrained wp-container-core-group-is-layout-19e250f3 wp-block-group-is-layout-constrained\">\n<div id=\"ancre_formation\" class=\"wp-block-group is-vertical is-content-justification-center is-layout-flex wp-container-core-group-is-layout-6329a8f3 wp-block-group-is-layout-flex\">\n<h2 class=\"wp-block-heading has-text-align-center is-style-default\">Formation<\/h2>\n\n\n\n<p class=\"has-text-align-center\">J&rsquo;\u00e9tudie \u00e0 l&rsquo;INSA Rouen Normandie au sein du d\u00e9partement Informatique et Technologie de l&rsquo;Information (ITI)<\/p>\n\n\n\n<p class=\"has-text-align-center\">En tant que que futur ing\u00e9nieur, je me sp\u00e9cialise dans le domaine du <strong>Machine Learning<\/strong>.<\/p>\n\n\n\n<div style=\"height:30px\" aria-hidden=\"true\" class=\"wp-block-spacer wp-container-content-cf2db169\"><\/div>\n<\/div>\n\n\n\n<div style=\"height:23px\" aria-hidden=\"true\" class=\"wp-block-spacer\"><\/div>\n\n\n\n<div class=\"wp-block-columns alignwide is-layout-flex wp-container-core-columns-is-layout-d1c656ed wp-block-columns-is-layout-flex\">\n<div class=\"wp-block-column is-vertically-aligned-center is-layout-flow wp-block-column-is-layout-flow\" style=\"flex-basis:40%\">\n<h3 class=\"wp-block-heading is-style-asterisk\">Insa Rouen Normandie<\/h3>\n\n\n\n<p><strong>2023-2026<\/strong> : Informatique et Technologie de l&rsquo;Information<\/p>\n\n\n\n<ul class=\"wp-block-list\">\n<li>Machine Learning<\/li>\n\n\n\n<li>Data Science<\/li>\n\n\n\n<li>Computer Science\n<ul class=\"wp-block-list\">\n<li>Python, C, Java, MySQL, &#8230;<\/li>\n<\/ul>\n<\/li>\n<\/ul>\n\n\n\n<div style=\"height:9px\" aria-hidden=\"true\" class=\"wp-block-spacer\"><\/div>\n\n\n\n<p><strong>2021-2023<\/strong> : Premier Cycle Ing\u00e9nieur &#8211; Section Internationale<\/p>\n\n\n\n<ul class=\"wp-block-list\">\n<li>Sp\u00e9cialit\u00e9 Math\u00e9matiques<\/li>\n\n\n\n<li>Sp\u00e9cialit\u00e9 Informatique<\/li>\n<\/ul>\n<\/div>\n\n\n\n<div class=\"wp-block-column is-layout-flow wp-block-column-is-layout-flow\" style=\"flex-basis:50%\">\n<figure class=\"wp-block-image size-full is-resized is-style-rounded is-style-rounded--1\"><img loading=\"lazy\" decoding=\"async\" width=\"1280\" height=\"853\" src=\"https:\/\/mathis-saunier.fr\/wp-content\/uploads\/2024\/09\/magellan_panneau_efface.png\" alt=\"\" class=\"wp-image-112\" style=\"width:618px;height:auto\" srcset=\"https:\/\/mathis-saunier.fr\/wp-content\/uploads\/2024\/09\/magellan_panneau_efface.png 1280w, https:\/\/mathis-saunier.fr\/wp-content\/uploads\/2024\/09\/magellan_panneau_efface-300x200.png 300w, https:\/\/mathis-saunier.fr\/wp-content\/uploads\/2024\/09\/magellan_panneau_efface-1024x682.png 1024w, https:\/\/mathis-saunier.fr\/wp-content\/uploads\/2024\/09\/magellan_panneau_efface-768x512.png 768w\" sizes=\"auto, (max-width: 1280px) 100vw, 1280px\" \/><\/figure>\n<\/div>\n<\/div>\n<\/div>\n<\/div>\n\n\n\n<div class=\"wp-block-group alignfull has-global-padding is-layout-constrained wp-container-core-group-is-layout-d89aad35 wp-block-group-is-layout-constrained\" style=\"margin-top:0;margin-bottom:0;padding-top:var(--wp--preset--spacing--50);padding-right:var(--wp--preset--spacing--50);padding-bottom:var(--wp--preset--spacing--50);padding-left:var(--wp--preset--spacing--50)\">\n<div class=\"wp-block-group alignwide has-global-padding is-layout-constrained wp-container-core-group-is-layout-19e250f3 wp-block-group-is-layout-constrained\">\n<div class=\"wp-block-group is-vertical is-content-justification-center is-layout-flex wp-container-core-group-is-layout-6329a8f3 wp-block-group-is-layout-flex\">\n<h2 class=\"wp-block-heading has-text-align-center is-style-default\" id=\"ancre_stage\">Stages<\/h2>\n\n\n\n<p class=\"has-text-align-center\">Voici une liste de mes exp\u00e9riences professionnelles<\/p>\n\n\n\n<div style=\"height:28px\" aria-hidden=\"true\" class=\"wp-block-spacer wp-container-content-43ce77df\"><\/div>\n<\/div>\n\n\n\n<div style=\"height:23px\" aria-hidden=\"true\" class=\"wp-block-spacer\"><\/div>\n\n\n\n<div class=\"wp-block-columns alignwide is-layout-flex wp-container-core-columns-is-layout-d1c656ed wp-block-columns-is-layout-flex\">\n<div class=\"wp-block-column is-layout-flow wp-block-column-is-layout-flow\">\n<p class=\"has-text-align-center\"><strong>Prochain stage<\/strong><\/p>\n\n\n\n<p>Mon prochain stage aura lieu cet \u00e9t\u00e9 pour une dur\u00e9e de 2 mois.<\/p>\n\n\n\n<p>Je souhaite r\u00e9aliser ce dernier dans le domaine du Machine Learning.<\/p>\n<\/div>\n\n\n\n<div class=\"wp-block-column is-layout-flow wp-block-column-is-layout-flow\">\n<p class=\"has-text-align-center\"><strong>Stage ouvrier &#8211; 1 mois<\/strong><\/p>\n\n\n\n<p>Ouvrier au sein de Renault Cl\u00e9on, ligne de production des PEC pour les motorisations \u00e9lectriques.<\/p>\n\n\n\n<p>Comp\u00e9tences : apprentissage acc\u00e9l\u00e9r\u00e9, travail en \u00e9quipe, autonomie<\/p>\n<\/div>\n<\/div>\n<\/div>\n<\/div>\n\n\n\n<div class=\"wp-block-group alignfull has-contrast-color has-base-2-background-color has-text-color has-background has-link-color wp-elements-5e6eaedd46522346027ddfce433501d7 has-global-padding is-layout-constrained wp-container-core-group-is-layout-669513ed wp-block-group-is-layout-constrained\" style=\"margin-top:0;margin-bottom:0;padding-top:var(--wp--preset--spacing--50);padding-right:var(--wp--preset--spacing--50);padding-bottom:var(--wp--preset--spacing--50);padding-left:var(--wp--preset--spacing--50)\">\n<div class=\"wp-block-group alignwide is-vertical is-content-justification-center is-layout-flex wp-container-core-group-is-layout-6329a8f3 wp-block-group-is-layout-flex\">\n<h2 class=\"wp-block-heading has-text-align-center is-style-default\" id=\"ancre_ajir\">AJIR<\/h2>\n\n\n\n<p class=\"has-text-align-center\">L&rsquo;AJIR (Association Junior de l&rsquo;INSA Rouen) est une association de mon \u00e9cole d&rsquo;ing\u00e9nieur. Sa vocation est de r\u00e9aliser des projets avec des entreprises \u00e0 la mani\u00e8re d&rsquo;un cabinet de conseils.<br><br>Les \u00e9tudiants b\u00e9n\u00e9voles de l&rsquo;association sont alors responsables de toutes les \u00e9tapes allant de la recherche du projet jusqu&rsquo;\u00e0 sa livraison en passant par la r\u00e9daction du cahier des charges et le management d&rsquo;\u00e9tudiants qui travaillent dessus.<\/p>\n<\/div>\n\n\n\n<div style=\"height:var(--wp--preset--spacing--40)\" aria-hidden=\"true\" class=\"wp-block-spacer\"><\/div>\n\n\n\n<div class=\"wp-block-columns alignwide is-layout-flex wp-container-core-columns-is-layout-d1c656ed wp-block-columns-is-layout-flex\">\n<div class=\"wp-block-column is-vertically-aligned-center is-layout-flow wp-block-column-is-layout-flow\" style=\"flex-basis:40%\">\n<h3 class=\"wp-block-heading is-style-default\">Mon parcours \u00e0 l&rsquo;<a href=\"http:\/\/www.ajir-insa.com\">AJIR<\/a><\/h3>\n\n\n\n<ul style=\"line-height:1.75\" class=\"wp-block-list is-style-checkmark-list\">\n<li>Pr\u00e9sident de l&rsquo;AJIR (2021-2023)<\/li>\n\n\n\n<li>Responsable du p\u00f4le \u00c9tudes (2023-2024)<\/li>\n\n\n\n<li>Auditeur-Conseil de la CNJE (2022)<\/li>\n<\/ul>\n\n\n\n<p>L&rsquo;AJIR m&rsquo;a apport\u00e9 \u00e9norm\u00e9ment de connaissances et de soft-skills notamment en management lors de mes deux mandats en Pr\u00e9sidence.<\/p>\n<\/div>\n\n\n\n<div class=\"wp-block-column is-vertically-aligned-center is-layout-flow wp-block-column-is-layout-flow\" style=\"flex-basis:50%\">\n<figure class=\"wp-block-image size-large is-resized has-custom-border is-style-rounded is-style-rounded--2\"><img loading=\"lazy\" decoding=\"async\" width=\"1024\" height=\"413\" src=\"https:\/\/mathis-saunier.fr\/wp-content\/uploads\/2024\/09\/logo_AJIR-1024x413.png\" alt=\"Logo de l'association AJIR, Association Junior de l'INSA Rouen Normandie.\" class=\"has-border-color wp-image-115\" style=\"border-color:#f9f9f9;border-width:3px;border-radius:17px;aspect-ratio:2.3107142857142855;object-fit:contain;width:617px;height:auto\" srcset=\"https:\/\/mathis-saunier.fr\/wp-content\/uploads\/2024\/09\/logo_AJIR-1024x413.png 1024w, https:\/\/mathis-saunier.fr\/wp-content\/uploads\/2024\/09\/logo_AJIR-300x121.png 300w, https:\/\/mathis-saunier.fr\/wp-content\/uploads\/2024\/09\/logo_AJIR-768x309.png 768w, https:\/\/mathis-saunier.fr\/wp-content\/uploads\/2024\/09\/logo_AJIR-1536x619.png 1536w, https:\/\/mathis-saunier.fr\/wp-content\/uploads\/2024\/09\/logo_AJIR.png 2048w\" sizes=\"auto, (max-width: 1024px) 100vw, 1024px\" \/><\/figure>\n<\/div>\n<\/div>\n\n\n\n<div style=\"height:29px\" aria-hidden=\"true\" class=\"wp-block-spacer\"><\/div>\n\n\n\n<div class=\"wp-block-group alignwide is-vertical is-content-justification-center is-layout-flex wp-container-core-group-is-layout-6329a8f3 wp-block-group-is-layout-flex\">\n<p class=\"has-text-align-center\">J&rsquo;ai \u00e9galement d\u00e9couvert le r\u00f4le d&rsquo;Auditeur que j&rsquo;ai obtenu suite \u00e0 des concours et des formations de la CNJE (Conf\u00e9d\u00e9ration Nationale des Junior-Entreprises) et je ne saurais compter les projets r\u00e9ussis ainsi que les bons moments pass\u00e9s avec mes camarades de l&rsquo;AJIR.<\/p>\n<\/div>\n<\/div>\n\n\n\n<div class=\"wp-block-group alignfull has-base-color has-contrast-background-color has-text-color has-background has-link-color wp-elements-fdd2727d23ef81a3eefee64433dd3e3b has-global-padding is-layout-constrained wp-container-core-group-is-layout-669513ed wp-block-group-is-layout-constrained\" style=\"margin-top:0;margin-bottom:0;padding-top:var(--wp--preset--spacing--50);padding-right:var(--wp--preset--spacing--50);padding-bottom:var(--wp--preset--spacing--50);padding-left:var(--wp--preset--spacing--50)\">\n<div class=\"wp-block-group is-vertical is-content-justification-center is-layout-flex wp-container-core-group-is-layout-52b864f0 wp-block-group-is-layout-flex\">\n<h2 class=\"wp-block-heading has-text-align-center is-style-default has-base-color has-text-color has-link-color wp-elements-bc1aba725ed6d42aa04348000d97e52c\" id=\"ancre_autre\">Autres<\/h2>\n<\/div>\n\n\n\n<div style=\"margin-top:0;margin-bottom:0;height:var(--wp--preset--spacing--40)\" aria-hidden=\"true\" class=\"wp-block-spacer\"><\/div>\n\n\n\n<div class=\"wp-block-columns alignwide is-layout-flex wp-container-core-columns-is-layout-d0bbbce0 wp-block-columns-is-layout-flex\">\n<div class=\"wp-block-column is-layout-flow wp-container-core-column-is-layout-e3d1c41b wp-block-column-is-layout-flow\">\n<h3 class=\"wp-block-heading has-text-align-left is-style-default has-base-color has-text-color has-link-color has-body-font-family has-medium-font-size wp-elements-9668801e27ddc50a00e2bb87cd139102\" style=\"font-style:normal;font-weight:600\">Lyc\u00e9e Passy Buzenval<\/h3>\n\n\n\n<p class=\"has-text-align-left\">Math\u00e9matiques &#8211; Physiques<\/p>\n\n\n\n<p>Baccalaur\u00e9at &#8211; F\u00e9licitations du jury<\/p>\n<\/div>\n\n\n\n<div class=\"wp-block-column is-layout-flow wp-container-core-column-is-layout-e3d1c41b wp-block-column-is-layout-flow\">\n<h3 class=\"wp-block-heading has-text-align-left is-style-default has-base-color has-text-color has-link-color has-body-font-family has-medium-font-size wp-elements-3688e9985e444aa30e31ba6186b71278\" style=\"font-style:normal;font-weight:600\">Engagement Associatif<\/h3>\n\n\n\n<p class=\"has-text-align-left\">En plus de mon engagement associatif \u00e0 l&rsquo;AJIR, j&rsquo;ai pu m&rsquo;impliquer dans d&rsquo;autres activit\u00e9s de clubs comme celui de Rubik&rsquo;s Cube que j&rsquo;ai dirig\u00e9 pendant 1 an<\/p>\n<\/div>\n\n\n\n<div class=\"wp-block-column is-layout-flow wp-container-core-column-is-layout-e3d1c41b wp-block-column-is-layout-flow\">\n<h3 class=\"wp-block-heading has-text-align-left is-style-default has-base-color has-text-color has-link-color has-body-font-family has-medium-font-size wp-elements-eee4722a35fac6cc22bfd99f0153ee4a\" style=\"font-style:normal;font-weight:600\">Langue<\/h3>\n\n\n\n<p class=\"has-text-align-left\">Anglais : niveau B2 &#8211; Certification Cambridge<\/p>\n\n\n\n<p>Espagnol : niveau B1<\/p>\n<\/div>\n<\/div>\n<\/div>\n","protected":false},"excerpt":{"rendered":"<p>Formation J&rsquo;\u00e9tudie \u00e0 l&rsquo;INSA Rouen Normandie au sein du d\u00e9partement Informatique et Technologie de l&rsquo;Information (ITI) En tant que que futur ing\u00e9nieur, je me sp\u00e9cialise dans le domaine du Machine Learning. Insa Rouen Normandie 2023-2026 : Informatique et Technologie de l&rsquo;Information 2021-2023 : Premier Cycle Ing\u00e9nieur &#8211; Section Internationale Stages Voici une liste de mes [&hellip;]<\/p>\n","protected":false},"author":1,"featured_media":0,"parent":0,"menu_order":0,"comment_status":"closed","ping_status":"closed","template":"","meta":{"footnotes":""},"class_list":["post-17","page","type-page","status-publish","hentry"],"_links":{"self":[{"href":"https:\/\/mathis-saunier.fr\/index.php\/wp-json\/wp\/v2\/pages\/17","targetHints":{"allow":["GET"]}}],"collection":[{"href":"https:\/\/mathis-saunier.fr\/index.php\/wp-json\/wp\/v2\/pages"}],"about":[{"href":"https:\/\/mathis-saunier.fr\/index.php\/wp-json\/wp\/v2\/types\/page"}],"author":[{"embeddable":true,"href":"https:\/\/mathis-saunier.fr\/index.php\/wp-json\/wp\/v2\/users\/1"}],"replies":[{"embeddable":true,"href":"https:\/\/mathis-saunier.fr\/index.php\/wp-json\/wp\/v2\/comments?post=17"}],"version-history":[{"count":26,"href":"https:\/\/mathis-saunier.fr\/index.php\/wp-json\/wp\/v2\/pages\/17\/revisions"}],"predecessor-version":[{"id":224,"href":"https:\/\/mathis-saunier.fr\/index.php\/wp-json\/wp\/v2\/pages\/17\/revisions\/224"}],"wp:attachment":[{"href":"https:\/\/mathis-saunier.fr\/index.php\/wp-json\/wp\/v2\/media?parent=17"}],"curies":[{"name":"wp","href":"https:\/\/api.w.org\/{rel}","templated":true}]}}