{"id":92,"date":"2024-09-15T17:56:16","date_gmt":"2024-09-15T15:56:16","guid":{"rendered":"https:\/\/mathis-saunier.fr\/?page_id=92"},"modified":"2024-10-09T15:46:01","modified_gmt":"2024-10-09T13:46:01","slug":"projets","status":"publish","type":"page","link":"https:\/\/mathis-saunier.fr\/index.php\/projets\/","title":{"rendered":"Projets"},"content":{"rendered":"\n<div class=\"wp-block-group alignfull has-base-2-background-color has-background has-global-padding is-layout-constrained wp-container-core-group-is-layout-d89aad35 wp-block-group-is-layout-constrained\" style=\"margin-top:0;margin-bottom:0;padding-top:var(--wp--preset--spacing--50);padding-right:var(--wp--preset--spacing--50);padding-bottom:var(--wp--preset--spacing--50);padding-left:var(--wp--preset--spacing--50)\">\n<div class=\"wp-block-columns is-layout-flex wp-container-core-columns-is-layout-28f84493 wp-block-columns-is-layout-flex\">\n<div class=\"wp-block-column is-layout-flow wp-block-column-is-layout-flow\">\n<div class=\"wp-block-buttons is-content-justification-center is-layout-flex wp-container-core-buttons-is-layout-a89b3969 wp-block-buttons-is-layout-flex\">\n<div class=\"wp-block-button has-custom-font-size has-medium-font-size\"><a class=\"wp-block-button__link wp-element-button\" href=\"https:\/\/github.com\/mathis-saunier\" style=\"padding-top:var(--wp--preset--spacing--10);padding-right:var(--wp--preset--spacing--10);padding-bottom:var(--wp--preset--spacing--10);padding-left:var(--wp--preset--spacing--10)\" target=\"_blank\" rel=\"noreferrer noopener\">GitHub<\/a><\/div>\n<\/div>\n<\/div>\n\n\n\n<div class=\"wp-block-column is-layout-flow wp-block-column-is-layout-flow\">\n<div class=\"wp-block-buttons is-content-justification-center is-layout-flex wp-container-core-buttons-is-layout-a89b3969 wp-block-buttons-is-layout-flex\">\n<div class=\"wp-block-button has-custom-font-size has-medium-font-size\"><a class=\"wp-block-button__link wp-element-button\" href=\"https:\/\/gitlab.insa-rouen.fr\/msaunier\" style=\"padding-top:var(--wp--preset--spacing--10);padding-right:var(--wp--preset--spacing--10);padding-bottom:var(--wp--preset--spacing--10);padding-left:var(--wp--preset--spacing--10)\" target=\"_blank\" rel=\"noreferrer noopener\">GitLab<\/a><\/div>\n<\/div>\n<\/div>\n<\/div>\n\n\n\n<div style=\"height:5px\" aria-hidden=\"true\" class=\"wp-block-spacer\"><\/div>\n\n\n\n<hr class=\"wp-block-separator has-text-color has-contrast-color has-alpha-channel-opacity has-contrast-background-color has-background custom-separator is-style-wide\"\/>\n\n\n\n<div class=\"wp-block-group alignwide has-global-padding is-layout-constrained wp-container-core-group-is-layout-19e250f3 wp-block-group-is-layout-constrained\">\n<div class=\"wp-block-group is-vertical is-content-justification-center is-layout-flex wp-container-core-group-is-layout-6329a8f3 wp-block-group-is-layout-flex\">\n<h2 class=\"wp-block-heading has-text-align-center is-style-default\">Projets personnels<\/h2>\n\n\n\n<div style=\"height:0px\" aria-hidden=\"true\" class=\"wp-block-spacer wp-container-content-9d1f8957\"><\/div>\n<\/div>\n\n\n\n<div class=\"wp-block-columns alignwide is-layout-flex wp-container-core-columns-is-layout-28f84493 wp-block-columns-is-layout-flex\">\n<div class=\"wp-block-column is-layout-flow wp-block-column-is-layout-flow\">\n<h3 class=\"wp-block-heading\">Cin\u00e9ma Al\u00e9atoire<\/h3>\n\n\n\n<p class=\"has-text-align-left\">Projet dont l&rsquo;objectif est de fournir un outil pratique pour qu&rsquo;un r\u00e9alisateur puisse cr\u00e9er un film al\u00e9atoire.<\/p>\n\n\n\n<p class=\"has-text-align-left\">\u00c0 partir de la liste des sc\u00e8nes et des liens et conditions qui les relient, le programme doit pouvoir g\u00e9n\u00e9rer une multitude de films al\u00e9atoires.<\/p>\n\n\n\n<p>Projet en cours &#8230;<\/p>\n<\/div>\n\n\n\n<div class=\"wp-block-column is-layout-flow wp-block-column-is-layout-flow\">\n<h3 class=\"wp-block-heading\">Fl\u00e8ch&rsquo;ITI<\/h3>\n\n\n\n<p>Ceci est l&rsquo;am\u00e9lioration d&rsquo;un projet scolaire qui avait pour but de d\u00e9tecter la position d&rsquo;une fl\u00e9chette sur un cible \u00e0 partir d&rsquo;images et de traitements sur ces derni\u00e8res.<\/p>\n\n\n\n<p>Le projet vise \u00e0 mettre en place un syst\u00e8me de Machine Learning pour obtenir de meilleures performances.<\/p>\n\n\n\n<p>Projet en cours &#8230;<\/p>\n<\/div>\n\n\n\n<div class=\"wp-block-column is-layout-flow wp-block-column-is-layout-flow\">\n<h3 class=\"wp-block-heading\">Projets en attente<\/h3>\n\n\n\n<ul class=\"wp-block-list\">\n<li>Solveur de sudoku (brut force, recherche logique, ML)<\/li>\n\n\n\n<li>Suggestion de musique personnalis\u00e9e gr\u00e2ce \u00e0 l&rsquo;API de Spotify<\/li>\n<\/ul>\n<\/div>\n<\/div>\n<\/div>\n\n\n\n<div style=\"height:60px\" aria-hidden=\"true\" class=\"wp-block-spacer\"><\/div>\n\n\n\n<div class=\"wp-block-group alignwide has-global-padding is-layout-constrained wp-container-core-group-is-layout-19e250f3 wp-block-group-is-layout-constrained\">\n<div class=\"wp-block-group is-vertical is-content-justification-center is-layout-flex wp-container-core-group-is-layout-6329a8f3 wp-block-group-is-layout-flex\">\n<h2 class=\"wp-block-heading has-text-align-center is-style-asterisk\">Projets scolaires<\/h2>\n\n\n\n<div style=\"height:0px\" aria-hidden=\"true\" class=\"wp-block-spacer wp-container-content-9d1f8957\"><\/div>\n<\/div>\n\n\n\n<div class=\"wp-block-columns alignwide is-layout-flex wp-container-core-columns-is-layout-28f84493 wp-block-columns-is-layout-flex\">\n<div class=\"wp-block-column is-layout-flow wp-block-column-is-layout-flow\">\n<h3 class=\"wp-block-heading\">D\u00e9monstrateur ML<\/h3>\n\n\n\n<p class=\"has-text-align-left\">Objectif : fournir un algorithme de Machine Learning visuel et interactif pour les prochains forums de pr\u00e9sentation de l&rsquo;INSA Rouen Normandie.<\/p>\n\n\n\n<p>Projet en cours &#8230;<\/p>\n<\/div>\n\n\n\n<div class=\"wp-block-column is-layout-flow wp-block-column-is-layout-flow\">\n<h3 class=\"wp-block-heading\">Robot Mouche<\/h3>\n\n\n\n<p>Application de nos cours d&rsquo;\u00c9lectronique, nous avons, en \u00e9quipe de 4, d\u00e9velopp\u00e9 et construit un robot capable de suivre une ligne et d&rsquo;\u00e9viter les obstacles gr\u00e2ce \u00e0 un capteur LIDAR et une cam\u00e9ra.<\/p>\n<\/div>\n\n\n\n<div class=\"wp-block-column is-layout-flow wp-block-column-is-layout-flow\">\n<h3 class=\"wp-block-heading\">Compresseur d&rsquo;Huffman<\/h3>\n\n\n\n<p>Projet th\u00e9orique de notre cours d&rsquo;Algorithmique, nous avons cod\u00e9 un compresseur et d\u00e9compresseur de donn\u00e9es sans perte selon le principe d&rsquo;Huffman.<\/p>\n<\/div>\n<\/div>\n<\/div>\n<\/div>\n","protected":false},"excerpt":{"rendered":"<p>Projets personnels Cin\u00e9ma Al\u00e9atoire Projet dont l&rsquo;objectif est de fournir un outil pratique pour qu&rsquo;un r\u00e9alisateur puisse cr\u00e9er un film al\u00e9atoire. \u00c0 partir de la liste des sc\u00e8nes et des liens et conditions qui les relient, le programme doit pouvoir g\u00e9n\u00e9rer une multitude de films al\u00e9atoires. Projet en cours &#8230; Fl\u00e8ch&rsquo;ITI Ceci est l&rsquo;am\u00e9lioration d&rsquo;un [&hellip;]<\/p>\n","protected":false},"author":1,"featured_media":0,"parent":0,"menu_order":0,"comment_status":"closed","ping_status":"closed","template":"","meta":{"footnotes":""},"class_list":["post-92","page","type-page","status-publish","hentry"],"_links":{"self":[{"href":"https:\/\/mathis-saunier.fr\/index.php\/wp-json\/wp\/v2\/pages\/92","targetHints":{"allow":["GET"]}}],"collection":[{"href":"https:\/\/mathis-saunier.fr\/index.php\/wp-json\/wp\/v2\/pages"}],"about":[{"href":"https:\/\/mathis-saunier.fr\/index.php\/wp-json\/wp\/v2\/types\/page"}],"author":[{"embeddable":true,"href":"https:\/\/mathis-saunier.fr\/index.php\/wp-json\/wp\/v2\/users\/1"}],"replies":[{"embeddable":true,"href":"https:\/\/mathis-saunier.fr\/index.php\/wp-json\/wp\/v2\/comments?post=92"}],"version-history":[{"count":24,"href":"https:\/\/mathis-saunier.fr\/index.php\/wp-json\/wp\/v2\/pages\/92\/revisions"}],"predecessor-version":[{"id":217,"href":"https:\/\/mathis-saunier.fr\/index.php\/wp-json\/wp\/v2\/pages\/92\/revisions\/217"}],"wp:attachment":[{"href":"https:\/\/mathis-saunier.fr\/index.php\/wp-json\/wp\/v2\/media?parent=92"}],"curies":[{"name":"wp","href":"https:\/\/api.w.org\/{rel}","templated":true}]}}